{"id":1665,"date":"2025-06-27T10:28:04","date_gmt":"2025-06-27T10:28:04","guid":{"rendered":"https:\/\/advbruno.com\/v2\/?page_id=1665"},"modified":"2025-07-05T21:15:37","modified_gmt":"2025-07-05T21:15:37","slug":"sobre-bruno-moreira-advogado-criminalista","status":"publish","type":"page","link":"https:\/\/advbruno.com\/index.php\/sobre-bruno-moreira-advogado-criminalista\/","title":{"rendered":"Sobre Bruno Moreira &#8211; Advogado Criminalista"},"content":{"rendered":"<div class=\"wpb-content-wrapper\"><p>[vc_row full_width=&#8221;stretch_row&#8221; css=&#8221;.vc_custom_1499322539141{margin-top: 0px !important;margin-bottom: 0px !important;padding-top: 70px !important;padding-bottom: 80px !important;background-color: #ffffff !important;}&#8221;][vc_column css=&#8221;.vc_custom_1496743058962{padding-top: 0px !important;padding-bottom: 0px !important;}&#8221;][vc_custom_heading text=&#8221;Um pouco mais sobre a minha carreira profissional&#8221; font_container=&#8221;tag:h1|text_align:center&#8221; use_theme_fonts=&#8221;yes&#8221; css=&#8221;.vc_custom_1751020990155{margin-top: 0px !important;margin-bottom: 20px !important;padding-top: 0px !important;padding-bottom: 0px !important;}&#8221;][vc_single_image image=&#8221;1323&#8243; img_size=&#8221;full&#8221; alignment=&#8221;center&#8221; css=&#8221;.vc_custom_1513055746746{margin-top: 0px !important;margin-bottom: 0px !important;padding-top: 0px !important;padding-bottom: 0px !important;}&#8221;][vc_column_text css=&#8221;.vc_custom_1751749035855{margin-top: 0px !important;margin-bottom: 0px !important;}&#8221; el_class=&#8221;home-welcome-text&#8221;]<\/p>\n<p style=\"text-align: center;\">Uma d\u00e9cada dedicada a advocacia criminal<\/p>\n<p>[\/vc_column_text][\/vc_column][\/vc_row][vc_row full_width=&#8221;stretch_row_content_no_spaces&#8221; css=&#8221;.vc_custom_1497958691593{margin-top: 0px !important;margin-bottom: 0px !important;padding-top: 0px !important;padding-bottom: 0px !important;background-color: #f8f8f8 !important;}&#8221;][vc_column width=&#8221;1\/2&#8243; css=&#8221;.vc_custom_1497244080415{margin-top: 0px !important;margin-bottom: 0px !important;padding-top: 0px !important;padding-right: 0px !important;padding-bottom: 0px !important;padding-left: 0px !important;}&#8221;][vc_single_image image=&#8221;1660&#8243; img_size=&#8221;523&#215;523&#8243; alignment=&#8221;right&#8221; css=&#8221;.vc_custom_1751020388466{margin-top: 0px !important;margin-bottom: 0px !important;}&#8221;][\/vc_column][vc_column width=&#8221;1\/2&#8243; css=&#8221;.vc_custom_1513056479926{margin-top: 0px !important;margin-bottom: 0px !important;padding-top: 68px !important;padding-right: 30px !important;padding-bottom: 56px !important;padding-left: 30px !important;}&#8221;][vc_custom_heading text=&#8221;Tenho mais de uma d\u00e9cada dedicada a \u00e1rea criminal&#8221; font_container=&#8221;tag:h3|font_size:30px|text_align:left|line_height:40px&#8221; use_theme_fonts=&#8221;yes&#8221; css=&#8221;.vc_custom_1751020158421{margin-top: 0px !important;margin-bottom: 30px !important;}&#8221;][vc_column_text css=&#8221;.vc_custom_1751020511862{margin-top: 0px !important;margin-bottom: 0px !important;}&#8221; el_class=&#8221;home-welcome-text about-bio-section pull-left&#8221;]<\/p>\n<div class=\"wpb_text_column wpb_content_element vc_custom_1750638733350 home-welcome-text\">\n<div class=\"wpb_wrapper\">\n<p>Tem sua carreira voltada para casos complexos da criminologia, atuando ativamente em centenas desses casos.<\/p>\n<h5 class=\"vc_custom_heading vc_do_custom_heading vc_custom_1750638936733\">OAB:<\/h5>\n<div class=\"wpb_text_column wpb_content_element vc_custom_1750638752382 home-welcome-text\">\n<div class=\"wpb_wrapper\">Sou vic\u00ea presidente da comiss\u00e3o da OAB C.Emp.<\/div>\n<div>Tamb\u00e9m sou secret\u00e1rio da CDPA<\/div>\n<\/div>\n<p>Participei como membro da Abracrim (Associa\u00e7\u00e3o Brasileira dos Advogados Criminalistas do Brasil).<\/p>\n<\/div>\n<\/div>\n<p>[\/vc_column_text][\/vc_column][\/vc_row][vc_row full_width=&#8221;stretch_row_content_no_spaces&#8221; css=&#8221;.vc_custom_1497958697890{margin-top: 0px !important;margin-bottom: 0px !important;padding-top: 0px !important;padding-bottom: 0px !important;background-color: #f8f8f8 !important;}&#8221;][vc_column width=&#8221;1\/2&#8243; css=&#8221;.vc_custom_1497245879843{margin-top: 0px !important;margin-bottom: 0px !important;padding-top: 0px !important;padding-right: 0px !important;padding-bottom: 0px !important;padding-left: 0px !important;}&#8221; el_class=&#8221;pull-right&#8221;][vc_single_image image=&#8221;1621&#8243; img_size=&#8221;523&#215;523&#8243; css=&#8221;.vc_custom_1751749410699{margin-top: 0px !important;margin-bottom: 0px !important;}&#8221;][\/vc_column][vc_column width=&#8221;1\/2&#8243; css=&#8221;.vc_custom_1497245888448{margin-top: 0px !important;margin-bottom: 0px !important;padding-top: 70px !important;padding-right: 30px !important;padding-bottom: 70px !important;padding-left: 30px !important;}&#8221; el_class=&#8221;pull-left&#8221;][vc_custom_heading text=&#8221;Meet Stephan H. Peskin&#8221; font_container=&#8221;tag:h3|font_size:30px|text_align:right|line_height:40px&#8221; use_theme_fonts=&#8221;yes&#8221; css=&#8221;.vc_custom_1513056255066{margin-top: 0px !important;margin-bottom: 30px !important;}&#8221;][vc_column_text css=&#8221;.vc_custom_1751020920988{margin-top: 0px !important;margin-bottom: 0px !important;}&#8221; el_class=&#8221;home-welcome-text about-bio-section pull-right&#8221;]<\/p>\n<h5 class=\"vc_custom_heading vc_do_custom_heading vc_custom_1750638785753\">Especialidades:<\/h5>\n<div class=\"wpb_text_column wpb_content_element vc_custom_1750638809485 home-welcome-text\">\n<div class=\"wpb_wrapper\">\n<ul>\n<li>Advogado especialista na \u00e1rea criminal<\/li>\n<li><strong>P\u00f3s-graduado em Criminologia, Direito e Processo Penal<\/strong>\u00a0pela Universidade C\u00e2ndido Mendes<\/li>\n<li>J\u00e1 atuei em centenas de casos de alta complexidade<\/li>\n<li>In\u00fameros processo defendendo crimes sexuais, fraudes, homic\u00eddio, grandes opera\u00e7\u00f5es e outros<\/li>\n<\/ul>\n<\/div>\n<\/div>\n<p>[\/vc_column_text][\/vc_column][\/vc_row][vc_row full_width=&#8221;stretch_row&#8221; css=&#8221;.vc_custom_1497246162894{margin-top: 0px !important;margin-bottom: 0px !important;padding-top: 70px !important;padding-bottom: 30px !important;background-color: #ffffff !important;}&#8221;][vc_column width=&#8221;5\/12&#8243; css=&#8221;.vc_custom_1497246150369{margin-top: 0px !important;margin-bottom: 40px !important;padding-top: 0px !important;padding-bottom: 0px !important;}&#8221;][vc_row_inner css=&#8221;.vc_custom_1513056529050{margin-top: 0px !important;margin-right: 0px !important;margin-bottom: 0px !important;margin-left: 0px !important;padding-top: 30px !important;padding-right: 30px !important;padding-bottom: 35px !important;padding-left: 30px !important;background-color: #1a202d !important;}&#8221;][vc_column_inner css=&#8221;.vc_custom_1497250448456{padding-top: 0px !important;padding-right: 0px !important;padding-bottom: 0px !important;padding-left: 0px !important;}&#8221;][vc_custom_heading text=&#8221;Quando todos se afastam, a defesa \u00e9 quem fica.&#8221; font_container=&#8221;tag:h4|font_size:20px|text_align:left|color:%23f8d065&#8243; use_theme_fonts=&#8221;yes&#8221; css=&#8221;.vc_custom_1751749781914{margin-top: 0px !important;margin-bottom: 25px !important;}&#8221;][vc_column_text css=&#8221;.vc_custom_1751749818518{margin-top: 0px !important;margin-bottom: 20px !important;}&#8221; el_class=&#8221;home-welcome-text white&#8221;]<\/p>\n<blockquote><p>No momento em que a acusa\u00e7\u00e3o chega, o medo aparece, e muitos se calam ou viram as costas. \u00c9 nessa hora que o papel do advogado criminalista se revela essencial.<br data-start=\"369\" data-end=\"372\" \/>Estar ao seu lado, ouvir sua vers\u00e3o, lutar pela sua liberdade e garantir que seus direitos sejam respeitados \u2014 essa \u00e9 a miss\u00e3o da defesa.<br data-start=\"509\" data-end=\"512\" \/>Voc\u00ea n\u00e3o est\u00e1 sozinho.<\/p><\/blockquote>\n<p>[\/vc_column_text][vc_custom_heading text=&#8221;- Bruno Moreira&#8221; font_container=&#8221;tag:h6|font_size:16px|text_align:right|color:%23f8d065|line_height:23px&#8221; google_fonts=&#8221;font_family:Bitter%3Aregular%2Citalic%2C700|font_style:400%20regular%3A400%3Anormal&#8221; css=&#8221;.vc_custom_1751749879743{margin-top: 0px !important;margin-bottom: 0px !important;}&#8221;][\/vc_column_inner][\/vc_row_inner][\/vc_column][vc_column width=&#8221;7\/12&#8243; css=&#8221;.vc_custom_1497246157072{margin-top: 0px !important;margin-bottom: 40px !important;padding-top: 0px !important;padding-bottom: 0px !important;}&#8221;]<!-- video-testimonial -->\n\t\t\t\t\t\t<div class=\"video-testimonial home-concept-one dot-center owl-carousel \"><!-- video-testimonial-item --><div class=\"video-testimonial-item\">\n\t\t\t\t\t\t\t\t\t<div class=\"holder\">\n\t\t\t\t\t\t\t\t\t<div class=\"pic\"><img loading=\"lazy\" decoding=\"async\" src=\"https:\/\/img.youtube.com\/vi\/E3qActTnTGA\/hqdefault.jpg\" alt=\"Bruno Moreira\" width=\"480\" height=\"360\"><\/div>\n\t\t\t\t\t\t\t\t\t<div class=\"overlay\">\n\t\t\t\t\t\t\t\t\t<div class=\"table\">\n\t\t\t\t\t\t\t\t\t<div class=\"table-cell\"><!-- .table-cell -->\n\t\t\t\t\t\t\t\t\t<a class=\"prettyphoto-attorneypress\" href=\"http:\/\/www.youtube.com\/watch?v=E3qActTnTGA\"><i class=\"fa fa-play\"><\/i><\/a>\n\t\t\t\t\t\t\t\t\t<\/div><!-- \/.table-cell -->\n\t\t\t\t\t\t\t\t\t<\/div><!-- \/.table -->\n\t\t\t\t\t\t\t\t\t<\/div><!-- \/.overlay -->\n\t\t\t\t\t\t\t\t\t<\/div>\n\t\t\t\t\t\t\t\t\t<\/div>\n\t\t\t\t\t\t\t\t\t<!-- video-testimonial-item --><\/div><!-- video-testimonial -->[\/vc_column][\/vc_row][vc_row][vc_column][vc_column_text css=&#8221;&#8221;]<\/p>\n<h5 class=\"vc_custom_heading vc_do_custom_heading vc_custom_1750638785753\">Especialidades:<\/h5>\n<div class=\"wpb_text_column wpb_content_element vc_custom_1750638809485 home-welcome-text\">\n<div class=\"wpb_wrapper\">\n<ul>\n<li>Advogado especialista na \u00e1rea criminal<\/li>\n<li><strong>P\u00f3s-graduado em Criminologia, Direito e Processo Penal<\/strong>\u00a0pela Universidade C\u00e2ndido Mendes<\/li>\n<li>Membro da Associa\u00e7\u00e3o Brasileira dos Advogados Criminalistas<\/li>\n<li>\n<h5><strong>FORMA\u00c7\u00c3O COMPLEMENTAR<\/strong><\/h5>\n<ul>\n<li>\n<ul>\n<li>RECURSOS PROCESSUAIS PENAIS \u2013 Ci\u00eancias Criminais \u2013 2019<\/li>\n<li>PRIS\u00d5ES CAUTELARES \u2013 Ci\u00eancias Criminais \u2013 2019<\/li>\n<li>PROVAS GEN\u00c9TICAS NO PROCESSO PENAL \u2013 Ci\u00eancias Criminais \u2013 2019<\/li>\n<li>AS PALAVRAS E AS PENAS \u2013 Ci\u00eancias Criminais \u2013 2019<\/li>\n<li>INVESTIGA\u00c7\u00c3O PRIVADA \u2013 Ci\u00eancias Criminais \u2013 2019<\/li>\n<li>PRIS\u00d5ES CAUTELARES \u2013 Ci\u00eancias Criminais \u2013 2019<\/li>\n<li>PROVAS GEN\u00c9TICAS NO PROCESSO PENAL \u2013 Ci\u00eancias Criminais \u2013 2019<\/li>\n<li>RECURSOS PROCESSUAIS PENAIS \u2013 Ci\u00eancias Criminais \u2013 2019<\/li>\n<li><em><strong><span class=\"il\">Congresso<\/span>\u00a0Nacional das Criminalista \u2013 ABRACRIM 2019:<\/strong><\/em><\/li>\n<\/ul>\n<ul>\n<li>\n<ul>\n<li>Fixa\u00e7\u00e3o da Compet\u00eancia para Opera\u00e7\u00e3o Lava Jato;<\/li>\n<li>Controle Penal: Justi\u00e7a Criminal e G\u00eanero;<\/li>\n<li>Lei 13.185\/2015 \u2013 Bullying e Cyberbullying;<\/li>\n<li>Pris\u00f5es Preventivas e seu Car\u00e1ter Permanente;<\/li>\n<li>Compet\u00eancia Criminal na L\u00f3gica da Opera\u00e7\u00e3o Lava Jato;<\/li>\n<li>Lavagem de Dinheiro no Direito Penal;<\/li>\n<li>A Inalcan\u00e7\u00e1vel Paridade de Armas no Processo Penal;<\/li>\n<li>Tribunal do J\u00fari: Onde Tudo Acontece;<\/li>\n<li>Os Eixos da Lei Maria da Penha;<\/li>\n<li>Direito Penal Negociado;<\/li>\n<\/ul>\n<\/li>\n<\/ul>\n<ul>\n<li>Criminologia (Escola Superior de Advocacia) 2019<\/li>\n<li>RECURSOS PROCESSUAIS PENAIS \u2013 Ci\u00eancias Criminais \u2013 2019<\/li>\n<li>Habeas Corpus \u2013 Teoria e Pr\u00e1tica (Escola Superior de Advocacia) \u2013 2016<\/li>\n<\/ul>\n<\/li>\n<\/ul>\n<\/li>\n<\/ul>\n<\/div>\n<\/div>\n<p>[\/vc_column_text][\/vc_column][\/vc_row]<\/p>\n<\/div>","protected":false},"excerpt":{"rendered":"<p>[vc_row full_width=&#8221;stretch_row&#8221; css=&#8221;.vc_custom_1499322539141{margin-top: 0px !important;margin-bottom: 0px !important;padding-top: 70px !important;padding-bottom: 80px !important;background-color: #ffffff !important;}&#8221;][vc_column css=&#8221;.vc_custom_1496743058962{padding-top: 0px !important;padding-bottom: 0px !important;}&#8221;][vc_custom_heading text=&#8221;Um pouco mais sobre a minha carreira profissional&#8221; font_container=&#8221;tag:h1|text_align:center&#8221; use_theme_fonts=&#8221;yes&#8221; css=&#8221;.vc_custom_1751020990155{margin-top: 0px !important;margin-bottom: 20px !important;padding-top: 0px !important;padding-bottom: 0px !important;}&#8221;][vc_single_image image=&#8221;1323&#8243; img_size=&#8221;full&#8221; alignment=&#8221;center&#8221; css=&#8221;.vc_custom_1513055746746{margin-top: 0px !important;margin-bottom: 0px !important;padding-top: 0px !important;padding-bottom: 0px !important;}&#8221;][vc_column_text css=&#8221;.vc_custom_1751749035855{margin-top: 0px !important;margin-bottom: 0px !important;}&#8221; el_class=&#8221;home-welcome-text&#8221;] [&hellip;]<\/p>\n","protected":false},"author":1,"featured_media":1419,"parent":0,"menu_order":0,"comment_status":"closed","ping_status":"closed","template":"","meta":{"footnotes":""},"class_list":["post-1665","page","type-page","status-publish","has-post-thumbnail","hentry"],"_links":{"self":[{"href":"https:\/\/advbruno.com\/index.php\/wp-json\/wp\/v2\/pages\/1665","targetHints":{"allow":["GET"]}}],"collection":[{"href":"https:\/\/advbruno.com\/index.php\/wp-json\/wp\/v2\/pages"}],"about":[{"href":"https:\/\/advbruno.com\/index.php\/wp-json\/wp\/v2\/types\/page"}],"author":[{"embeddable":true,"href":"https:\/\/advbruno.com\/index.php\/wp-json\/wp\/v2\/users\/1"}],"replies":[{"embeddable":true,"href":"https:\/\/advbruno.com\/index.php\/wp-json\/wp\/v2\/comments?post=1665"}],"version-history":[{"count":22,"href":"https:\/\/advbruno.com\/index.php\/wp-json\/wp\/v2\/pages\/1665\/revisions"}],"predecessor-version":[{"id":1753,"href":"https:\/\/advbruno.com\/index.php\/wp-json\/wp\/v2\/pages\/1665\/revisions\/1753"}],"wp:featuredmedia":[{"embeddable":true,"href":"https:\/\/advbruno.com\/index.php\/wp-json\/wp\/v2\/media\/1419"}],"wp:attachment":[{"href":"https:\/\/advbruno.com\/index.php\/wp-json\/wp\/v2\/media?parent=1665"}],"curies":[{"name":"wp","href":"https:\/\/api.w.org\/{rel}","templated":true}]}}